{"id":3778,"date":"2024-09-27T15:47:58","date_gmt":"2024-09-27T13:47:58","guid":{"rendered":"https:\/\/www.portizy.fr\/?page_id=3778"},"modified":"2024-09-27T15:47:58","modified_gmt":"2024-09-27T13:47:58","slug":"mentions-legales","status":"publish","type":"page","link":"https:\/\/www.portizy.fr\/index.php\/mentions-legales\/","title":{"rendered":"Mentions l\u00e9gales"},"content":{"rendered":"<div class=\"fusion-fullwidth fullwidth-box fusion-builder-row-1 fusion-flex-container has-pattern-background has-mask-background nonhundred-percent-fullwidth non-hundred-percent-height-scrolling\" style=\"--awb-border-radius-top-left:0px;--awb-border-radius-top-right:0px;--awb-border-radius-bottom-right:0px;--awb-border-radius-bottom-left:0px;--awb-flex-wrap:wrap;\" ><div class=\"fusion-builder-row fusion-row fusion-flex-align-items-flex-start fusion-flex-content-wrap\" style=\"max-width:1378px;margin-left: calc(-4% \/ 2 );margin-right: calc(-4% \/ 2 );\"><div class=\"fusion-layout-column fusion_builder_column fusion-builder-column-0 fusion_builder_column_1_1 1_1 fusion-flex-column\" style=\"--awb-bg-size:cover;--awb-width-large:100%;--awb-margin-top-large:0px;--awb-spacing-right-large:1.92%;--awb-margin-bottom-large:20px;--awb-spacing-left-large:1.92%;--awb-width-medium:100%;--awb-order-medium:0;--awb-spacing-right-medium:1.92%;--awb-spacing-left-medium:1.92%;--awb-width-small:100%;--awb-order-small:0;--awb-spacing-right-small:1.92%;--awb-spacing-left-small:1.92%;\"><div class=\"fusion-column-wrapper fusion-column-has-shadow fusion-flex-justify-content-flex-start fusion-content-layout-column\"><div class=\"fusion-title title fusion-title-1 fusion-sep-none fusion-title-text fusion-title-size-two\"><h2 class=\"fusion-title-heading title-heading-left fusion-responsive-typography-calculated\" style=\"margin:0;--fontSize:30;line-height:var(--awb-typography1-line-height);\">Raison sociale<\/h2><\/div><div class=\"fusion-text fusion-text-1\"><p>Le site web (Ci-apr\u00e8s le \u00ab Site \u00bb) <a href=\"https:\/\/portizy.fr\/\">https:\/\/portizy.fr\/<\/a>\u00a0est \u00e9dit\u00e9 par NORDISPRESS, soci\u00e9t\u00e9 par actions simplifi\u00e9e, immatricul\u00e9e au RCS Lille M\u00e9tropole sous le num\u00e9ro 518 623 905 dont le si\u00e8ge social se situe 8 Place du G\u00e9n\u00e9ral de Gaulle, CS 10549 \u2013 59023 LILLE Cedex, et dont les coordonn\u00e9es sont les suivantes :<\/p>\n<ul>\n<li>Adresse de courrier \u00e9lectronique : <a href=\"mailto:portizylvdn@gmail.com\">portizylvdn@gmail.com<\/a><\/li>\n<\/ul>\n<\/div><div class=\"fusion-title title fusion-title-2 fusion-sep-none fusion-title-text fusion-title-size-two\"><h2 class=\"fusion-title-heading title-heading-left fusion-responsive-typography-calculated\" style=\"margin:0;--fontSize:30;line-height:var(--awb-typography1-line-height);\">Hebergement<\/h2><\/div><div class=\"fusion-text fusion-text-2\"><p>Le Site est h\u00e9berg\u00e9 par LA VOIX DU NORD, \u00e0 Lille. Les utilisateurs du pr\u00e9sent Site sont tenus de respecter les dispositions de la loi relative \u00e0 l\u2019informatique, aux fichiers et aux libert\u00e9s, dont la violation est passible de sanctions p\u00e9nales. Les collectes de donn\u00e9es, toute utilisation et toute atteinte \u00e0 la vie priv\u00e9e ou \u00e0 la r\u00e9putation des personnes, concernant les informations nominatives accessibles sur le Site, sont formellement interdites.<\/p>\n<\/div><\/div><\/div><\/div><\/div>\n","protected":false},"excerpt":{"rendered":"","protected":false},"author":1,"featured_media":0,"parent":0,"menu_order":0,"comment_status":"closed","ping_status":"closed","template":"","meta":{"footnotes":""},"class_list":["post-3778","page","type-page","status-publish","hentry"],"_links":{"self":[{"href":"https:\/\/www.portizy.fr\/index.php\/wp-json\/wp\/v2\/pages\/3778","targetHints":{"allow":["GET"]}}],"collection":[{"href":"https:\/\/www.portizy.fr\/index.php\/wp-json\/wp\/v2\/pages"}],"about":[{"href":"https:\/\/www.portizy.fr\/index.php\/wp-json\/wp\/v2\/types\/page"}],"author":[{"embeddable":true,"href":"https:\/\/www.portizy.fr\/index.php\/wp-json\/wp\/v2\/users\/1"}],"replies":[{"embeddable":true,"href":"https:\/\/www.portizy.fr\/index.php\/wp-json\/wp\/v2\/comments?post=3778"}],"version-history":[{"count":2,"href":"https:\/\/www.portizy.fr\/index.php\/wp-json\/wp\/v2\/pages\/3778\/revisions"}],"predecessor-version":[{"id":3781,"href":"https:\/\/www.portizy.fr\/index.php\/wp-json\/wp\/v2\/pages\/3778\/revisions\/3781"}],"wp:attachment":[{"href":"https:\/\/www.portizy.fr\/index.php\/wp-json\/wp\/v2\/media?parent=3778"}],"curies":[{"name":"wp","href":"https:\/\/api.w.org\/{rel}","templated":true}]}}